{"id":67,"date":"2024-09-04T17:46:28","date_gmt":"2024-09-04T08:46:28","guid":{"rendered":"http:\/\/www.fun-tottori.com\/?page_id=67"},"modified":"2025-07-30T15:42:36","modified_gmt":"2025-07-30T06:42:36","slug":"%e3%83%88%e3%83%83%e3%83%97%e3%83%9a%e3%83%bc%e3%82%b8","status":"publish","type":"page","link":"http:\/\/www.fun-tottori.com\/","title":{"rendered":"\u30c8\u30c3\u30d7\u30da\u30fc\u30b8"},"content":{"rendered":"\n<p class=\"has-text-align-center has-text-color has-link-color wp-elements-902c84a0b18727f1b7ba4669534ab717\" style=\"color:#ff6f00;margin-top:var(--wp--preset--spacing--20);margin-right:0;margin-bottom:var(--wp--preset--spacing--20);margin-left:0;font-size:20px\"><strong>\u73fe\u5728\u3001\u8eca\u4e21\u306e\u5909\u66f4\u306b\u4f34\u3044\u3001\u8a66\u4e57\u306e\u3054\u4e88\u7d04\u3092\u4e00\u6642\u7684\u306b\u304a\u65ad\u308a\u3055\u305b\u3066\u3044\u305f\u3060\u3044\u3066\u304a\u308a\u307e\u3059\u3002<\/strong><br><strong>\u4f55\u5352\u3054\u7406\u89e3\u306e\u307b\u3069\u3088\u308d\u3057\u304f\u304a\u9858\u3044\u7533\u3057\u4e0a\u3052\u307e\u3059\u3002<\/strong><\/p>\n\n\n\n<p class=\"has-text-align-center has-medium-font-size\" style=\"letter-spacing:7px\"><strong>\u9ce5\u53d6\u770c\u5168\u57df\u306b\u5bfe\u5fdc\u3044\u305f\u3057\u307e\u3059\uff01<\/strong><\/p>\n\n\n\n<hr class=\"wp-block-separator has-text-color has-orange-color has-alpha-channel-opacity has-orange-background-color has-background is-style-wide\" style=\"margin-top:0;margin-bottom:0\"\/>\n\n\n\n<div class=\"wp-block-media-text alignfull is-stacked-on-mobile is-vertically-aligned-center\" style=\"padding-top:0;padding-bottom:0;grid-template-columns:49% auto\"><figure class=\"wp-block-media-text__media\"><img loading=\"lazy\" decoding=\"async\" width=\"1024\" height=\"768\" src=\"http:\/\/www.fun-tottori.com\/wp-content\/uploads\/2024\/09\/CAMP_1-1024x768.jpg\" alt=\"CAMP\" class=\"wp-image-42 size-full\" srcset=\"http:\/\/www.fun-tottori.com\/wp-content\/uploads\/2024\/09\/CAMP_1-1024x768.jpg 1024w, http:\/\/www.fun-tottori.com\/wp-content\/uploads\/2024\/09\/CAMP_1-300x225.jpg 300w, http:\/\/www.fun-tottori.com\/wp-content\/uploads\/2024\/09\/CAMP_1-768x576.jpg 768w, http:\/\/www.fun-tottori.com\/wp-content\/uploads\/2024\/09\/CAMP_1-1536x1152.jpg 1536w, http:\/\/www.fun-tottori.com\/wp-content\/uploads\/2024\/09\/CAMP_1-2048x1536.jpg 2048w\" sizes=\"auto, (max-width: 1024px) 100vw, 1024px\" \/><\/figure><div class=\"wp-block-media-text__content\">\n<p class=\"has-text-align-center has-light-02-background-color has-text-color has-background has-link-color wp-elements-00a5adbd1622185ac3cb0860d8f68e0a\" style=\"color:#474747e0;font-size:50px\"><strong>CAMP<\/strong><br>\u3010\u65b0\u8eca\u4e21\u6e96\u5099\u4e2d\u3011<\/p>\n\n\n\n<div style=\"height:30px\" aria-hidden=\"true\" class=\"wp-block-spacer\"><\/div>\n\n\n\n<p class=\"has-text-align-center has-light-black-color has-text-color has-link-color has-medium-font-size wp-elements-b91d1e11f8b1598ee286650451898a4e\"><strong>\u304a\u8cb7\u3044\u7269\u3001\u304a\u4ed5\u4e8b\u3001\u9001\u8fce\u3001\u901a\u9662\u306a\u3069<\/strong>\u3000<strong>\u8fd1\u6240\u3078\u306e<\/strong><\/p>\n\n\n\n<p class=\"has-text-align-center has-light-black-color has-text-color has-link-color has-medium-font-size wp-elements-d170fb8b1e7bb194a233400844d97980\" style=\"text-decoration:underline\"><strong><span style=\"font-size: 30pt;\">\u3061\u3087\u3044\u4e57\u308a\u306b\u4fbf\u5229\u306a3\u4eba\u4e57\u308a\u96fb\u52d5\u30d0\u30a4\u30af\u3002<\/span><\/strong><\/p>\n\n\n\n<div style=\"height:50px\" aria-hidden=\"true\" class=\"wp-block-spacer\"><\/div>\n\n\n\n<div class=\"wp-block-buttons is-content-justification-center is-layout-flex wp-container-core-buttons-is-layout-a89b3969 wp-block-buttons-is-layout-flex\">\n<div class=\"wp-block-button has-custom-width wp-block-button__width-75 is-style-fill\"><a class=\"wp-block-button__link has-dark-01-background-color has-background has-text-align-center wp-element-button\" href=\"http:\/\/www.fun-tottori.com\/?page_id=30\" style=\"border-style:none;border-width:0px;padding-top:var(--wp--preset--spacing--40);padding-right:0;padding-bottom:var(--wp--preset--spacing--40);padding-left:0\">\u8a73\u7d30\u306f\u3053\u3061\u3089<\/a><\/div>\n<\/div>\n\n\n\n<p class=\"has-text-align-center\" style=\"margin-right:0;margin-left:0;padding-right:0;padding-left:0\">\u203b\u73fe\u572830\u6b73\u672a\u6e80\u306e\u65b9\u3078\u306e\u8ca9\u58f2\u306f\u884c\u3063\u3066\u304a\u308a\u307e\u305b\u3093\u3002<\/p>\n\n\n\n<p class=\"has-text-align-center\" style=\"margin-top:0;margin-bottom:0\">\u203b\u65b0\u8eca\u306e\u307f\u306e\u8ca9\u58f2\u3068\u306a\u308a\u307e\u3059\u3002<\/p>\n<\/div><\/div>\n\n\n\n<hr class=\"wp-block-separator has-text-color has-light-02-color has-alpha-channel-opacity has-light-02-background-color has-background is-style-wide\"\/>\n\n\n<p><!--\n<\/p>\n\n\n\n\n<\/p>\n\n\n<\/p>\n\n\n<div class=\"wp-block-media-text alignfull has-media-on-the-right is-stacked-on-mobile\"><div class=\"wp-block-media-text__content\">\n<p class=\"has-text-align-center has-background\" style=\"background-color:#fcd700e6;font-size:65px\"><strong>TUKTUK<\/strong><\/p>\n\n\n\n<div style=\"height:30px\" aria-hidden=\"true\" class=\"wp-block-spacer\"><\/div>\n\n\n\n<p class=\"has-text-align-center has-light-black-color has-text-color has-link-color has-large-font-size wp-elements-2aa12160ad0505178a67d6cfed2ba79a\"><strong>\u89b3\u5149\u5730\u306e\u5468\u904a\u3084\u304a\u5e97\u306e\u9001\u8fce\u306b<\/strong>\u3002<\/p>\n\n\n\n<div style=\"height:50px\" aria-hidden=\"true\" class=\"wp-block-spacer\"><\/div>\n\n\n\n<div class=\"wp-block-buttons is-content-justification-center is-layout-flex wp-container-core-buttons-is-layout-a89b3969 wp-block-buttons-is-layout-flex\">\n<div class=\"wp-block-button has-custom-width wp-block-button__width-75\"><a class=\"wp-block-button__link wp-element-button\" href=\"http:\/\/www.fun-tottori.com\/?page_id=108\" style=\"padding-top:var(--wp--preset--spacing--40);padding-bottom:var(--wp--preset--spacing--40)\">\u8a73\u7d30\u306f\u3053\u3061\u3089<\/a><\/div>\n<\/div>\n\n\n\n<p class=\"has-text-align-center\" style=\"margin-right:0;margin-left:0;padding-right:0;padding-left:0\">\u203b\u73fe\u572830\u6b73\u672a\u6e80\u306e\u65b9\u3078\u306e\u8ca9\u58f2\u306f\u884c\u3063\u3066\u304a\u308a\u307e\u305b\u3093\u3002<\/p>\n\n\n\n<p class=\"has-text-align-center\" style=\"margin-top:0;margin-bottom:0\">\u203b\u65b0\u8eca\u306e\u307f\u306e\u8ca9\u58f2\u3068\u306a\u308a\u307e\u3059\u3002<\/p>\n<\/div><figure class=\"wp-block-media-text__media\"><img loading=\"lazy\" decoding=\"async\" width=\"1024\" height=\"768\" src=\"http:\/\/www.fun-tottori.com\/wp-content\/uploads\/2024\/09\/TUKTUK_y-1024x768.jpg\" alt=\"TUKTUK\" class=\"wp-image-93 size-full\" srcset=\"http:\/\/www.fun-tottori.com\/wp-content\/uploads\/2024\/09\/TUKTUK_y-1024x768.jpg 1024w, http:\/\/www.fun-tottori.com\/wp-content\/uploads\/2024\/09\/TUKTUK_y-300x225.jpg 300w, http:\/\/www.fun-tottori.com\/wp-content\/uploads\/2024\/09\/TUKTUK_y-768x576.jpg 768w, http:\/\/www.fun-tottori.com\/wp-content\/uploads\/2024\/09\/TUKTUK_y-1536x1152.jpg 1536w, http:\/\/www.fun-tottori.com\/wp-content\/uploads\/2024\/09\/TUKTUK_y-2048x1536.jpg 2048w\" sizes=\"auto, (max-width: 1024px) 100vw, 1024px\" \/><\/figure><\/div>\n\n\n<p>--><\/p>\n\n\n<div style=\"height:43px\" aria-hidden=\"true\" class=\"wp-block-spacer\"><\/div>\n\n\n\n<div class=\"wp-block-columns is-not-stacked-on-mobile has-small-font-size is-layout-flex wp-container-core-columns-is-layout-e8839b95 wp-block-columns-is-layout-flex\" style=\"margin-top:0;margin-bottom:0;padding-top:0;padding-right:0;padding-bottom:0;padding-left:0\">\n<div class=\"wp-block-column is-layout-flow wp-block-column-is-layout-flow\">\n<figure class=\"wp-block-image size-full\"><img loading=\"lazy\" decoding=\"async\" width=\"256\" height=\"256\" src=\"http:\/\/www.fun-tottori.com\/wp-content\/uploads\/2024\/10\/menkyo-1.jpg\" alt=\"\" class=\"wp-image-587\" srcset=\"http:\/\/www.fun-tottori.com\/wp-content\/uploads\/2024\/10\/menkyo-1.jpg 256w, http:\/\/www.fun-tottori.com\/wp-content\/uploads\/2024\/10\/menkyo-1-150x150.jpg 150w, http:\/\/www.fun-tottori.com\/wp-content\/uploads\/2024\/10\/menkyo-1-160x160.jpg 160w\" sizes=\"auto, (max-width: 256px) 100vw, 256px\" \/><\/figure>\n<\/div>\n\n\n\n<div class=\"wp-block-column is-layout-flow wp-block-column-is-layout-flow\">\n<figure class=\"wp-block-image size-full\"><img loading=\"lazy\" decoding=\"async\" width=\"256\" height=\"256\" src=\"http:\/\/www.fun-tottori.com\/wp-content\/uploads\/2024\/10\/syaken-1.jpg\" alt=\"\" class=\"wp-image-590\" srcset=\"http:\/\/www.fun-tottori.com\/wp-content\/uploads\/2024\/10\/syaken-1.jpg 256w, http:\/\/www.fun-tottori.com\/wp-content\/uploads\/2024\/10\/syaken-1-150x150.jpg 150w, http:\/\/www.fun-tottori.com\/wp-content\/uploads\/2024\/10\/syaken-1-160x160.jpg 160w\" sizes=\"auto, (max-width: 256px) 100vw, 256px\" \/><\/figure>\n<\/div>\n\n\n\n<div class=\"wp-block-column is-layout-flow wp-block-column-is-layout-flow\">\n<figure class=\"wp-block-image size-full\"><img loading=\"lazy\" decoding=\"async\" width=\"256\" height=\"256\" src=\"http:\/\/www.fun-tottori.com\/wp-content\/uploads\/2024\/10\/juudenn.jpg\" alt=\"\" class=\"wp-image-589\" srcset=\"http:\/\/www.fun-tottori.com\/wp-content\/uploads\/2024\/10\/juudenn.jpg 256w, http:\/\/www.fun-tottori.com\/wp-content\/uploads\/2024\/10\/juudenn-150x150.jpg 150w, http:\/\/www.fun-tottori.com\/wp-content\/uploads\/2024\/10\/juudenn-160x160.jpg 160w\" sizes=\"auto, (max-width: 256px) 100vw, 256px\" \/><\/figure>\n<\/div>\n<\/div>\n\n\n\n<div style=\"height:44px\" aria-hidden=\"true\" class=\"wp-block-spacer\"><\/div>\n\n\n\n<p class=\"has-background has-medium-font-size\" style=\"background-color:#8dd2fc85\"><strong>\u6bd4\u8f03\u8868<\/strong><\/p>\n\n\n\n<figure class=\"wp-block-table scroll-table\"><table class=\"layout-table\"><tbody><tr><td>\u3000<\/td><td>\u3000<\/td><td>EQV<\/td><td>\u4e00\u822c\u7684\u306a\u5c0f\u578bEV&nbsp;<\/td><td>\u4e00\u822c\u7684\u306a\u539f\u4ed8\u30d0\u30a4\u30af<\/td><td>\u4e00\u822c\u7684\u306a\u8efd\u81ea\u52d5\u8eca<\/td><\/tr><tr><td>\u30a4\u30cb\u30b7\u30e3\u30eb\u30b3\u30b9\u30c8<\/td><td>\u3000<\/td><td>91\u4e07\u5186\u301c<br><span class=\"font_c\">\u3007<\/span><\/td><td>100\u4e07\u5186\u301c<br><span class=\"font_tr\">\u25b3<\/span><\/td><td>20\u4e07\u5186\u301c<br><span class=\"font_dc\">\u25ce<\/span><\/td><td>120\u4e07\u5186\uff5e<br><span class=\"font_tr\">\u25b3<\/span><\/td><\/tr><tr><td rowspan=\"4\">\u30e9\u30f3\u30cb\u30f3\u30b0\u30b3\u30b9\u30c8<\/td><td>\u4fdd\u967a<\/td><td>\u81ea\u8ce0\u8cac3\u5e74\u300010,710\u5186<br><span class=\"font_c\">\u3007<\/span><\/td><td>\u81ea\u8ce0\u8cac3\u5e74\u300010,170\u5186<br><span class=\"font_dc\">\u25ce<\/span><\/td><td>\u81ea\u8ce0\u8cac3\u5e74\u300010,170\u5186<br><span class=\"font_dc\">\u25ce<\/span><\/td><td>\u81ea\u8ce0\u8cac3\u5e74\u300023,520\u5186<br><span class=\"font_tr\">\u25b3<\/span><\/td><\/tr><tr><td>\u7a0e\u91d1<\/td><td>\u81ea\u52d5\u8eca\u7a0e\u30003,600\u5186\/\u5e74<br>\u91cd\u91cf\u7a0e\uff08\u521d\u56de\u306e\u307f\uff094,900\u5186<br>\u8eca\u691c\u30fb\u8eca\u5eab\u8a3c\u660e\u4e0d\u8981<br><span class=\"font_c\">\u3007<\/span><\/td><td>\u81ea\u52d5\u8eca\u7a0e\u30003,700\u5186\/\u5e74<br>\u8eca\u691c\u30fb\u8eca\u5eab\u8a3c\u660e\u30fb\u91cd\u91cf\u7a0e\u4e0d\u8981<br><span class=\"font_c\">\u3007<\/span><\/td><td>\u81ea\u52d5\u8eca\u7a0e\u30002,000\u5186\/\u5e74<br>\u8eca\u691c\u30fb\u8eca\u5eab\u8a3c\u660e\u30fb\u91cd\u91cf\u7a0e\u4e0d\u8981<br><span class=\"font_dc\">\u25ce<\/span><\/td><td>\u81ea\u52d5\u8eca\u7a0e\u300010,800\u5186\/\u5e74<br>\u91cd\u91cf\u7a0e\u30003,300\u5186\/\u5e74<br>\u8eca\u691c\u30fb\u8eca\u5eab\u8a3c\u660e\u5fc5\u8981<br><span class=\"font_tr\">\u25b3<\/span><\/td><\/tr><tr><td>\u71c3\u6599\u8cbb<br>\u203b1<\/td><td>\u96fb\u6c17\u4ee3 \u203b2 \u203b3<br>\u5e74\u9593\u3000\u7d047,842\u5186<br><span class=\"font_dc\">\u25ce<\/span><\/td><td>\u96fb\u6c17\u4ee3<br>\u5e74\u9593\u3000\u7d047,842\u5186<br><span class=\"font_dc\">\u25ce<\/span><\/td><td>\u30ac\u30bd\u30ea\u30f3\u4ee3 \u203b4<br>\u5e74\u9593\u3000\u7d0413,890\u5186<br><span class=\"font_c\">\u3007<\/span><\/td><td>\u30ac\u30bd\u30ea\u30f3\u4ee3<br>\u5e74\u9593\u3000\u7d0441,670\u5186<br><span class=\"font_tr\">\u25b3<\/span><\/td><\/tr><tr><td>\u99d0\u8eca\u5834<\/td><td>\u99d0\u8eca\u5834\u304c\u5fc5\u8981<br>\u7701\u30b9\u30da\u30fc\u30b9<br><span class=\"font_c\">\u3007<\/span><\/td><td>\u99d0\u8eca\u5834\u304c\u5fc5\u8981<br>\u7701\u30b9\u30da\u30fc\u30b9<br><span class=\"font_c\">\u3007<\/span><\/td><td>\u99d0\u8f2a\u5834\u306b\u304a\u3051\u308b\u30b1\u30fc\u30b9\u3082<br><span class=\"font_dc\">\u25ce<\/span><\/td><td>\u99d0\u8eca\u5834\u53c8\u306f<br>\u8eca\u4e211\u53f0\u5206\u306e\u99d0\u8eca\u30b9\u30da\u30fc\u30b9<br>\u304c\u5fc5\u8981<br><span class=\"font_tr\">\u25b3<\/span><\/td><\/tr><tr><td>\u7a4d\u8f09\u91cf<\/td><td>\u3000<\/td><td>3~4\u4eba<br>\u6700\u592780kg<br><span class=\"font_c\">\u3007<\/span><\/td><td>1~2\u4eba<br>\u6700\u592790kg<br><span class=\"font_c\">\u3007<\/span><\/td><td>1\u4eba<br>\u6700\u592730kg<br><span class=\"font_tr\">\u25b3<\/span><\/td><td>4\u4eba<br>\u6700\u5927350kg\uff08\u4e57\u54e1\u91cd\u91cf\u542b\u3080\uff09<br><span class=\"font_dc\">\u25ce<\/span><\/td><\/tr><tr><td>\u64cd\u4f5c\u52b9\u7387<\/td><td>\u3000<\/td><td>\u30d8\u30eb\u30e1\u30c3\u30c8\u30fb\u4e8c\u6bb5\u968e\u53f3\u6298\u4e0d\u8981<br><span class=\"font_dc\">\u25ce<\/span><\/td><td>\u30d8\u30eb\u30e1\u30c3\u30c8\u30fb\u4e8c\u6bb5\u968e\u53f3\u6298\u4e0d\u8981<br><span class=\"font_dc\">\u25ce<\/span><\/td><td>\u30d8\u30eb\u30e1\u30c3\u30c8\u30fb\u4e8c\u6bb5\u968e\u53f3\u6298\u5fc5\u8981<br><span class=\"font_tr\">\u25b3<\/span><\/td><td>\u30d8\u30eb\u30e1\u30c3\u30c8\u30fb\u4e8c\u6bb5\u968e\u53f3\u6298\u4e0d\u8981<br><span class=\"font_dc\">\u25ce<\/span><\/td><\/tr><tr><td>\u6700\u9ad8\u901f\u5ea6<\/td><td>\u3000<\/td><td>60km\/h<br><span class=\"font_c\">\u3007<\/span><\/td><td>60km\/h<br><span class=\"font_c\">\u3007<\/span><\/td><td>30km\/h<br><span class=\"font_tr\">\u25b3<\/span><\/td><td>100km\/h<br><span class=\"font_dc\">\u25ce<\/span><\/td><\/tr><\/tbody><\/table><\/figure>\n\n\n\n<div class=\"wp-block-columns is-layout-flex wp-container-core-columns-is-layout-28f84493 wp-block-columns-is-layout-flex\">\n<div class=\"wp-block-column is-layout-flow wp-block-column-is-layout-flow\">\n<p class=\"has-small-font-size\">\u203b\uff11\u3000\u4e00\u822c\u793e\u56e3\u6cd5\u4eba\u3000\u65e5\u672c\u81ea\u52d5\u8eca\u5de5\u696d\u4f1a\u3000\u300c2023\u5e74\u5ea6\u8efd\u81ea\u52d5\u8eca\u306e\u4f7f\u7528\u5b9f\u614b\u8abf\u67fb\u300d\u3000\u6708\u9593\u5e73\u5747\u8d70\u884c\u8ddd\u96e2\u3000398km<br>\u3000\u5e74\u9593\u8d70\u884c\u8ddd\u96e2\u3000398km\u3000\u00d7\u300012\u30ab\u6708\u3000\uff1d\u30004776km\u3000\u3092\u4f7f\u7528\u3002<br>\u71c3\u8cbb\u3000\u8efd\u81ea\u52d5\u8eca\u300020km\/\u2113,\u3000\u539f\u4ed8\u30d0\u30a4\u30af\u300060km\/\u2113,\u3000\u5c0f\u578bEV\u30fbEQV\u3000100km\/1\u5145\u96fb\u3000\u3068\u3057\u3066\u8a08\u7b97\u3002<br>\u203b2\u3000\u4e2d\u56fd\u96fb\u529b\u3000\u5f93\u91cf\u96fb\u706fB\uff08300kWh\u8d85\u904e\uff09\u3000\u96fb\u6c17\u4ee3\u30002024\u5e7411\u6708\u300038.02\u5186\/kWh<br>\u203b3\u3000\u30d0\u30c3\u30c6\u30ea\u30fc\u304b\u3089\u306e\u72b6\u614b\u304b\u3089\u6e80\u5145\u96fb\u307e\u3067\u3092\uff11\u5145\u96fb\u3068\u3059\u308b\u300272V 60Ah\u30d0\u30c3\u30c6\u30ea\u30fc\u300072(V)\u00d760(Ah)=4320(Wh) 4320(Wh)\u00f71000=4.32(kWh)<br>4.32(kWh)\u00d738.02(\u5186\/kWh)=164.2(\u5186\/\uff11\u5145\u96fb)<br>164.2(\u5186\/1\u5145\u96fb)\u00f7100(km)=1.642(\u5186\/km)<br>1.642(\u5186\/km)\u00d74776(km)\u22527842(\u5186)<\/p>\n<\/div>\n\n\n\n<div class=\"wp-block-column is-layout-flow wp-block-column-is-layout-flow\">\n<p class=\"has-small-font-size\"><br>\u203b4\u3000\u7d4c\u6e08\u7523\u696d\u7701\u3000\u8cc7\u6e90\u30a8\u30cd\u30eb\u30ae\u30fc\u5e81\u3000\u300c\u77f3\u6cb9\u88fd\u54c1\u4fa1\u683c\u8abf\u67fb\u300d<br>\u30ec\u30ae\u30e5\u30e9\u30fc\u30ac\u30bd\u30ea\u30f3\u4fa1\u683c\u30002024\u5e7411\u6708\u5168\u56fd\u5e73\u5747\u3000174.5\u5186\/\u2113<br>\u203b\u4e00\u822c\u7684\u306a\u5c0f\u578bEV\u306e\u30c7\u30fc\u30bf\u306f\u4ed6\u793e\u8eca\u4e21\u30c7\u30fc\u30bf\u306e\u5e73\u5747\u3092\u3082\u3068\u306b\u8a08\u7b97\u3055\u308c\u305f\u5024\u3067\u3059\u3002<\/p>\n<\/div>\n<\/div>\n\n\n\n<p class=\"has-text-align-center has-light-green-background-color has-background has-medium-font-size\" style=\"padding-right:var(--wp--preset--spacing--80);padding-left:var(--wp--preset--spacing--80)\"><strong>\u8a66\u4e57\u4e88\u7d04<\/strong><\/p>\n\n\n\n<p class=\"has-text-align-center\" style=\"margin-top:var(--wp--preset--spacing--30);margin-bottom:var(--wp--preset--spacing--30)\">26\u6b73\u4ee5\u4e0a\u306e\u65b9\u306f\u5f53\u5e97\u306b\u3066\u8a66\u4e57\u304c\u53ef\u80fd\u3067\u3059\u3002\u5fc5\u305a\u514d\u8a31\u8a3c\u3092\u6301\u53c2\u3057\u3066\u304f\u3060\u3055\u3044\u3002<br>\u8a66\u4e57\u4e88\u7d04\u306f\u4e8b\u524d\u306b\u3001\u5e0c\u671b\u65e5\u6642\u3092\u96fb\u8a71\u30fb\u30e1\u30fc\u30eb\u3067\u3054\u9023\u7d61\u304f\u3060\u3055\u3044\u3002<\/p>\n\n\n\n<div style=\"height:118px\" aria-hidden=\"true\" class=\"wp-block-spacer\"><\/div>\n","protected":false},"excerpt":{"rendered":"<p>\u73fe\u5728\u3001\u8eca\u4e21\u306e\u5909\u66f4\u306b\u4f34\u3044\u3001\u8a66\u4e57\u306e\u3054\u4e88\u7d04\u3092\u4e00\u6642\u7684\u306b\u304a\u65ad\u308a\u3055\u305b\u3066\u3044\u305f\u3060\u3044\u3066\u304a\u308a\u307e\u3059\u3002\u4f55\u5352\u3054\u7406\u89e3\u306e\u307b\u3069\u3088\u308d\u3057\u304f\u304a\u9858\u3044\u7533\u3057\u4e0a\u3052\u307e\u3059\u3002 \u9ce5\u53d6\u770c\u5168\u57df\u306b\u5bfe\u5fdc\u3044\u305f\u3057\u307e\u3059\uff01 \u6bd4\u8f03\u8868 \u3000 \u3000 EQV \u4e00\u822c\u7684\u306a\u5c0f\u578bEV&nbsp; \u4e00\u822c\u7684\u306a\u539f\u4ed8 [&hellip;]<\/p>\n","protected":false},"author":1,"featured_media":0,"parent":0,"menu_order":0,"comment_status":"closed","ping_status":"closed","template":"templates\/front-page-content.php","meta":{"_monsterinsights_skip_tracking":false,"_monsterinsights_sitenote_active":false,"_monsterinsights_sitenote_note":"","_monsterinsights_sitenote_category":0,"_uf_show_specific_survey":0,"_uf_disable_surveys":false,"footnotes":""},"class_list":["post-67","page","type-page","status-publish","hentry"],"aioseo_notices":[],"_links":{"self":[{"href":"http:\/\/www.fun-tottori.com\/index.php?rest_route=\/wp\/v2\/pages\/67","targetHints":{"allow":["GET"]}}],"collection":[{"href":"http:\/\/www.fun-tottori.com\/index.php?rest_route=\/wp\/v2\/pages"}],"about":[{"href":"http:\/\/www.fun-tottori.com\/index.php?rest_route=\/wp\/v2\/types\/page"}],"author":[{"embeddable":true,"href":"http:\/\/www.fun-tottori.com\/index.php?rest_route=\/wp\/v2\/users\/1"}],"replies":[{"embeddable":true,"href":"http:\/\/www.fun-tottori.com\/index.php?rest_route=%2Fwp%2Fv2%2Fcomments&post=67"}],"version-history":[{"count":102,"href":"http:\/\/www.fun-tottori.com\/index.php?rest_route=\/wp\/v2\/pages\/67\/revisions"}],"predecessor-version":[{"id":1045,"href":"http:\/\/www.fun-tottori.com\/index.php?rest_route=\/wp\/v2\/pages\/67\/revisions\/1045"}],"wp:attachment":[{"href":"http:\/\/www.fun-tottori.com\/index.php?rest_route=%2Fwp%2Fv2%2Fmedia&parent=67"}],"curies":[{"name":"wp","href":"https:\/\/api.w.org\/{rel}","templated":true}]}}